{"id":5780,"date":"2018-08-08T13:10:07","date_gmt":"2018-08-08T11:10:07","guid":{"rendered":"https:\/\/bonhomme-resto.fr\/reservation\/"},"modified":"2025-09-23T12:45:36","modified_gmt":"2025-09-23T10:45:36","slug":"reservation","status":"publish","type":"page","link":"https:\/\/bonhomme-resto.fr\/en\/reservation\/","title":{"rendered":"R\u00e9servation"},"content":{"rendered":"<section class=\"wpb-content-wrapper\"><p>[vc_row row_content_width=&#8221;grid&#8221; css=&#8221;.vc_custom_1655218815283{margin-bottom: 20px !important;}&#8221;][vc_column]<div class=\"mkdf-elements-holder   mkdf-one-column  mkdf-responsive-mode-768 \" ><div class=\"mkdf-eh-item    \"  data-item-class=\"mkdf-eh-custom-8487\">\n\t<div class=\"mkdf-eh-item-inner\">\n\t\t<div class=\"mkdf-eh-item-content mkdf-eh-custom-8487\" style=\"padding: 0px 0px 0px 0px\">\n\t\t\t<div class=\"mkdf-section-title-holder  mkdf-st-standard mkdf-st-title-left mkdf-st-normal-space mkdf-st-disable-title-break\" style=\"text-align: left\">\n\t<div class=\"mkdf-st-inner\">\n\t\t\t\t\t<h2 class=\"mkdf-st-title\" >\n\t\t\t\tTU SERAS BIENVENU(E)<br \/> CHEZ NOUS.\t\t\t<\/h2>\n\t\t    <span class=\"mkdf-st-line\" ><\/span>\n    <div class=\"mkdf-st-text\" >\n            <\/div>\n\t<\/div>\n<\/div>\t\t<\/div>\n\t<\/div>\n<\/div><\/div><div class=\"mkdf-elements-holder   mkdf-four-columns  mkdf-responsive-mode-768 \" ><div class=\"mkdf-eh-item    \"  data-item-class=\"mkdf-eh-custom-6873\">\n\t<div class=\"mkdf-eh-item-inner\">\n\t\t<div class=\"mkdf-eh-item-content mkdf-eh-custom-6873\" style=\"padding: 0px 0px 20px 0px\">\n\t\t\t[vc_column_text]<\/p>\n<p style=\"text-align: left;\">Du Mardi au Samedi<br \/>\n12:00 \u2013 00:00<br \/>\n(Samedi 12:30 &#8211; 00:00)<br \/>\nFerm\u00e9 Dimanche et Lundi<\/p>\n<p>&nbsp;<\/p>\n<p>[\/vc_column_text]\t\t<\/div>\n\t<\/div>\n<\/div><div class=\"mkdf-eh-item    \"  data-item-class=\"mkdf-eh-custom-4605\">\n\t<div class=\"mkdf-eh-item-inner\">\n\t\t<div class=\"mkdf-eh-item-content mkdf-eh-custom-4605\" style=\"padding: 0px 0px 20px 0px\">\n\t\t\t[vc_column_text]<\/p>\n<p style=\"text-align: left;\">Bonhomme bistro vivant<br \/>\n58 rue du Faubourg Poissonni\u00e8re<br \/>\nParis 10\u00e8me<br \/>\n09 87 71 69 17<\/p>\n<p>&nbsp;<\/p>\n<p>[\/vc_column_text]\t\t<\/div>\n\t<\/div>\n<\/div><div class=\"mkdf-eh-item    \"  data-item-class=\"mkdf-eh-custom-6269\" data-1367-1600=\"0px 0px 20px 0px\" data-1025-1366=\"0px 0px 20px 0px\" data-769-1024=\"0px 0px 20px 0px\" data-681-768=\"0px 0px 20px 0px\" data-680=\"0px 0px 20px 0px\">\n\t<div class=\"mkdf-eh-item-inner\">\n\t\t<div class=\"mkdf-eh-item-content mkdf-eh-custom-6269\" style=\"padding: 0px 0px 20px 0px\">\n\t\t\t[vc_column_text]<strong>EVENT<\/strong><\/p>\n<p><span class=\"Y2IQFc\" lang=\"en\">Celebrating a private or professional event? <\/span><\/p>\n<p class=\"tw-data-text tw-text-large tw-ta\" dir=\"ltr\" data-placeholder=\"Traduction\" aria-label=\"Texte traduit\" data-ved=\"2ahUKEwiMoKKL5ueGAxV8RaQEHRqhDHkQ3ewLegQIFxAU\"><span class=\"Y2IQFc\" lang=\"en\">Privatize one, two or three rooms of the restaurant!<\/span><\/p>\n<p>[\/vc_column_text][vc_empty_space]<a itemprop=\"url\" href=\"mailto:thibaut.couvrecelle@gmail.com\" target=\"_self\" style=\"margin: 0px 0px 20px 0px\" class=\"mkdf-btn mkdf-btn-medium mkdf-btn-outline\"  >\n\t    <span class=\"mkdf-btn-text\">For any request<\/span>\n    <\/a>\t\t<\/div>\n\t<\/div>\n<\/div><\/div>[vc_column_text]<\/p>\n<h3 style=\"text-align: center;\"><strong>BOOK<\/strong><\/h3>\n<p>[\/vc_column_text][\/vc_column][\/vc_row][vc_row content_placement=&#8221;middle&#8221; row_content_width=&#8221;grid&#8221; css=&#8221;.vc_custom_1718803917528{border-top-width: -50px !important;}&#8221;][vc_column]<div class=\"mkdf-elements-holder   mkdf-one-column  mkdf-responsive-mode-768 \" ><div class=\"mkdf-eh-item    \"  data-item-class=\"mkdf-eh-custom-3595\">\n\t<div class=\"mkdf-eh-item-inner\">\n\t\t<div class=\"mkdf-eh-item-content mkdf-eh-custom-3595\" >\n\t\t\t[vc_raw_html]JTIwJTNDJTIxLS0lMjByZXNlcnZhdGlvbiUyMHdpZGdldCUyMC0tJTNFJTBBJTNDaWZyYW1lJTIwc3JjJTNEJTI3aHR0cHMlM0ElMkYlMkZib29raW5ncy56ZW5jaGVmLmNvbSUyRnJlc3VsdHMlM0ZyaWQlM0QzNTY2ODklMjZmdWxsc2NyZWVuJTNEMSUyNyUyMGZyYW1lYm9yZGVyJTNEJTI3MCUyNyUyMHNjcm9sbGluZyUzRCUyN3llcyUyNyUyMHdpZHRoJTNEJTI3MTAwJTI1JTI3JTIwaGVpZ2h0JTNEJTI3NjMwJTI3JTIwc3R5bGUlM0QlMjdkaXNwbGF5JTNBJTIwYmxvY2slM0IlMjBtYXJnaW4lM0ElMjAwJTIwYXV0byUzQiUyMG1heC13aWR0aCUzQSUyMDYwMHB4JTNCJTIwaGVpZ2h0JTNBNjMwcHglM0IlMjclM0UlM0MlMkZpZnJhbWUlM0U=[\/vc_raw_html]\t\t<\/div>\n\t<\/div>\n<\/div><\/div>[\/vc_column][\/vc_row][vc_row row_content_width=&#8221;grid&#8221;][vc_column][vc_row_inner content_placement=&#8221;middle&#8221;][vc_column_inner][vc_empty_space height=&#8221;100px&#8221;][\/vc_column_inner][\/vc_row_inner][\/vc_column][\/vc_row]<\/p>\n<\/section>","protected":false},"excerpt":{"rendered":"<p>[vc_row row_content_width=&#8221;grid&#8221; css=&#8221;.vc_custom_1655218815283{margin-bottom: 20px !important;}&#8221;][vc_column][vc_column_text] BOOK [\/vc_column_text][\/vc_column][\/vc_row][vc_row content_placement=&#8221;middle&#8221; row_content_width=&#8221;grid&#8221; css=&#8221;.vc_custom_1718803917528{border-top-width: -50px !important;}&#8221;][vc_column][\/vc_column][\/vc_row][vc_row row_content_width=&#8221;grid&#8221;][vc_column][vc_row_inner content_placement=&#8221;middle&#8221;][vc_column_inner][vc_empty_space height=&#8221;100px&#8221;][\/vc_column_inner][\/vc_row_inner][\/vc_column][\/vc_row]<\/p>\n","protected":false},"author":2,"featured_media":0,"parent":0,"menu_order":0,"comment_status":"closed","ping_status":"closed","template":"full-width.php","meta":{"footnotes":""},"class_list":["post-5780","page","type-page","status-publish","hentry"],"yoast_head":"<!-- This site is optimized with the Yoast SEO plugin v26.0 - https:\/\/yoast.com\/wordpress\/plugins\/seo\/ -->\n<title>R\u00e9servation | Bonhomme Resto<\/title>\n<meta name=\"description\" content=\"Venir chez nous, 58 rue du Faubourg Poissonni\u00e8re Paris 10. N&#039;h\u00e9sitez pas \u00e0 r\u00e9server !\" \/>\n<meta name=\"robots\" content=\"index, follow, max-snippet:-1, max-image-preview:large, max-video-preview:-1\" \/>\n<link rel=\"canonical\" href=\"https:\/\/bonhomme-resto.fr\/en\/reservation\/\" \/>\n<meta property=\"og:locale\" content=\"en_US\" \/>\n<meta property=\"og:type\" content=\"article\" \/>\n<meta property=\"og:title\" content=\"R\u00e9servation | Bonhomme Resto\" \/>\n<meta property=\"og:description\" content=\"Venir chez nous, 58 rue du Faubourg Poissonni\u00e8re Paris 10. N&#039;h\u00e9sitez pas \u00e0 r\u00e9server !\" \/>\n<meta property=\"og:url\" content=\"https:\/\/bonhomme-resto.fr\/en\/reservation\/\" \/>\n<meta property=\"og:site_name\" content=\"Bonhomme Resto\" \/>\n<meta property=\"article:publisher\" content=\"https:\/\/www.facebook.com\/bonhomme.resto\" \/>\n<meta property=\"article:modified_time\" content=\"2025-09-23T10:45:36+00:00\" \/>\n<meta name=\"twitter:card\" content=\"summary_large_image\" \/>\n<meta name=\"twitter:label1\" content=\"Est. reading time\" \/>\n\t<meta name=\"twitter:data1\" content=\"1 minute\" \/>\n<script type=\"application\/ld+json\" class=\"yoast-schema-graph\">{\"@context\":\"https:\/\/schema.org\",\"@graph\":[{\"@type\":\"WebPage\",\"@id\":\"https:\/\/bonhomme-resto.fr\/en\/reservation\/\",\"url\":\"https:\/\/bonhomme-resto.fr\/en\/reservation\/\",\"name\":\"R\u00e9servation | Bonhomme Resto\",\"isPartOf\":{\"@id\":\"https:\/\/bonhomme-resto.fr\/#website\"},\"datePublished\":\"2018-08-08T11:10:07+00:00\",\"dateModified\":\"2025-09-23T10:45:36+00:00\",\"description\":\"Venir chez nous, 58 rue du Faubourg Poissonni\u00e8re Paris 10. N'h\u00e9sitez pas \u00e0 r\u00e9server !\",\"breadcrumb\":{\"@id\":\"https:\/\/bonhomme-resto.fr\/en\/reservation\/#breadcrumb\"},\"inLanguage\":\"en-US\",\"potentialAction\":[{\"@type\":\"ReadAction\",\"target\":[\"https:\/\/bonhomme-resto.fr\/en\/reservation\/\"]}]},{\"@type\":\"BreadcrumbList\",\"@id\":\"https:\/\/bonhomme-resto.fr\/en\/reservation\/#breadcrumb\",\"itemListElement\":[{\"@type\":\"ListItem\",\"position\":1,\"name\":\"Accueil\",\"item\":\"https:\/\/bonhomme-resto.fr\/en\/\"},{\"@type\":\"ListItem\",\"position\":2,\"name\":\"R\u00e9servation\"}]},{\"@type\":\"WebSite\",\"@id\":\"https:\/\/bonhomme-resto.fr\/#website\",\"url\":\"https:\/\/bonhomme-resto.fr\/\",\"name\":\"Bonhomme Resto - Bistrot Vivant Paris 10\u00e8me\",\"description\":\"Bistro Vivant - Rue du Faubourg Poissonni\u00e8re Paris 10\",\"publisher\":{\"@id\":\"https:\/\/bonhomme-resto.fr\/#organization\"},\"alternateName\":\"Bonhomme Paris\",\"potentialAction\":[{\"@type\":\"SearchAction\",\"target\":{\"@type\":\"EntryPoint\",\"urlTemplate\":\"https:\/\/bonhomme-resto.fr\/?s={search_term_string}\"},\"query-input\":{\"@type\":\"PropertyValueSpecification\",\"valueRequired\":true,\"valueName\":\"search_term_string\"}}],\"inLanguage\":\"en-US\"},{\"@type\":\"Organization\",\"@id\":\"https:\/\/bonhomme-resto.fr\/#organization\",\"name\":\"BONHOMME RESTAURANT\",\"url\":\"https:\/\/bonhomme-resto.fr\/\",\"logo\":{\"@type\":\"ImageObject\",\"inLanguage\":\"en-US\",\"@id\":\"https:\/\/bonhomme-resto.fr\/#\/schema\/logo\/image\/\",\"url\":\"https:\/\/bonhomme-resto.fr\/wp-content\/uploads\/2022\/06\/bonhomme-resto-logo-dark.png\",\"contentUrl\":\"https:\/\/bonhomme-resto.fr\/wp-content\/uploads\/2022\/06\/bonhomme-resto-logo-dark.png\",\"width\":1085,\"height\":205,\"caption\":\"BONHOMME RESTAURANT\"},\"image\":{\"@id\":\"https:\/\/bonhomme-resto.fr\/#\/schema\/logo\/image\/\"},\"sameAs\":[\"https:\/\/www.facebook.com\/bonhomme.resto\",\"https:\/\/www.instagram.com\/bonhomme.resto\/\"]}]}<\/script>\n<!-- \/ Yoast SEO plugin. -->","yoast_head_json":{"title":"R\u00e9servation | Bonhomme Resto","description":"Venir chez nous, 58 rue du Faubourg Poissonni\u00e8re Paris 10. N'h\u00e9sitez pas \u00e0 r\u00e9server !","robots":{"index":"index","follow":"follow","max-snippet":"max-snippet:-1","max-image-preview":"max-image-preview:large","max-video-preview":"max-video-preview:-1"},"canonical":"https:\/\/bonhomme-resto.fr\/en\/reservation\/","og_locale":"en_US","og_type":"article","og_title":"R\u00e9servation | Bonhomme Resto","og_description":"Venir chez nous, 58 rue du Faubourg Poissonni\u00e8re Paris 10. N'h\u00e9sitez pas \u00e0 r\u00e9server !","og_url":"https:\/\/bonhomme-resto.fr\/en\/reservation\/","og_site_name":"Bonhomme Resto","article_publisher":"https:\/\/www.facebook.com\/bonhomme.resto","article_modified_time":"2025-09-23T10:45:36+00:00","twitter_card":"summary_large_image","twitter_misc":{"Est. reading time":"1 minute"},"schema":{"@context":"https:\/\/schema.org","@graph":[{"@type":"WebPage","@id":"https:\/\/bonhomme-resto.fr\/en\/reservation\/","url":"https:\/\/bonhomme-resto.fr\/en\/reservation\/","name":"R\u00e9servation | Bonhomme Resto","isPartOf":{"@id":"https:\/\/bonhomme-resto.fr\/#website"},"datePublished":"2018-08-08T11:10:07+00:00","dateModified":"2025-09-23T10:45:36+00:00","description":"Venir chez nous, 58 rue du Faubourg Poissonni\u00e8re Paris 10. N'h\u00e9sitez pas \u00e0 r\u00e9server !","breadcrumb":{"@id":"https:\/\/bonhomme-resto.fr\/en\/reservation\/#breadcrumb"},"inLanguage":"en-US","potentialAction":[{"@type":"ReadAction","target":["https:\/\/bonhomme-resto.fr\/en\/reservation\/"]}]},{"@type":"BreadcrumbList","@id":"https:\/\/bonhomme-resto.fr\/en\/reservation\/#breadcrumb","itemListElement":[{"@type":"ListItem","position":1,"name":"Accueil","item":"https:\/\/bonhomme-resto.fr\/en\/"},{"@type":"ListItem","position":2,"name":"R\u00e9servation"}]},{"@type":"WebSite","@id":"https:\/\/bonhomme-resto.fr\/#website","url":"https:\/\/bonhomme-resto.fr\/","name":"Bonhomme Resto - Bistrot Vivant Paris 10\u00e8me","description":"Bistro Vivant - Rue du Faubourg Poissonni\u00e8re Paris 10","publisher":{"@id":"https:\/\/bonhomme-resto.fr\/#organization"},"alternateName":"Bonhomme Paris","potentialAction":[{"@type":"SearchAction","target":{"@type":"EntryPoint","urlTemplate":"https:\/\/bonhomme-resto.fr\/?s={search_term_string}"},"query-input":{"@type":"PropertyValueSpecification","valueRequired":true,"valueName":"search_term_string"}}],"inLanguage":"en-US"},{"@type":"Organization","@id":"https:\/\/bonhomme-resto.fr\/#organization","name":"BONHOMME RESTAURANT","url":"https:\/\/bonhomme-resto.fr\/","logo":{"@type":"ImageObject","inLanguage":"en-US","@id":"https:\/\/bonhomme-resto.fr\/#\/schema\/logo\/image\/","url":"https:\/\/bonhomme-resto.fr\/wp-content\/uploads\/2022\/06\/bonhomme-resto-logo-dark.png","contentUrl":"https:\/\/bonhomme-resto.fr\/wp-content\/uploads\/2022\/06\/bonhomme-resto-logo-dark.png","width":1085,"height":205,"caption":"BONHOMME RESTAURANT"},"image":{"@id":"https:\/\/bonhomme-resto.fr\/#\/schema\/logo\/image\/"},"sameAs":["https:\/\/www.facebook.com\/bonhomme.resto","https:\/\/www.instagram.com\/bonhomme.resto\/"]}]}},"_links":{"self":[{"href":"https:\/\/bonhomme-resto.fr\/en\/wp-json\/wp\/v2\/pages\/5780","targetHints":{"allow":["GET"]}}],"collection":[{"href":"https:\/\/bonhomme-resto.fr\/en\/wp-json\/wp\/v2\/pages"}],"about":[{"href":"https:\/\/bonhomme-resto.fr\/en\/wp-json\/wp\/v2\/types\/page"}],"author":[{"embeddable":true,"href":"https:\/\/bonhomme-resto.fr\/en\/wp-json\/wp\/v2\/users\/2"}],"replies":[{"embeddable":true,"href":"https:\/\/bonhomme-resto.fr\/en\/wp-json\/wp\/v2\/comments?post=5780"}],"version-history":[{"count":1,"href":"https:\/\/bonhomme-resto.fr\/en\/wp-json\/wp\/v2\/pages\/5780\/revisions"}],"predecessor-version":[{"id":6553,"href":"https:\/\/bonhomme-resto.fr\/en\/wp-json\/wp\/v2\/pages\/5780\/revisions\/6553"}],"wp:attachment":[{"href":"https:\/\/bonhomme-resto.fr\/en\/wp-json\/wp\/v2\/media?parent=5780"}],"curies":[{"name":"wp","href":"https:\/\/api.w.org\/{rel}","templated":true}]}}